{"id":4077,"date":"2021-10-13T08:03:55","date_gmt":"2021-10-13T08:03:55","guid":{"rendered":"https:\/\/www.dc-pro.com\/?page_id=4077"},"modified":"2025-07-07T21:21:45","modified_gmt":"2025-07-07T19:21:45","slug":"building-information-modeling","status":"publish","type":"page","link":"https:\/\/www.azuraconsultancy.com\/es\/building-information-modeling\/","title":{"rendered":"Modelado de informaci\u00f3n para la construcci\u00f3n"},"content":{"rendered":"<div data-elementor-type=\"wp-page\" data-elementor-id=\"4077\" class=\"elementor elementor-4077\" data-elementor-post-type=\"page\">\n\t\t\t\t<div class=\"elementor-element elementor-element-4017558 e-con-full e-flex e-con e-parent\" data-id=\"4017558\" data-element_type=\"container\" data-e-type=\"container\" data-settings=\"{&quot;background_background&quot;:&quot;classic&quot;}\">\n\t\t<div class=\"elementor-element elementor-element-d20b9f3 e-con-full e-flex e-con e-child\" data-id=\"d20b9f3\" data-element_type=\"container\" data-e-type=\"container\">\n\t\t\t\t<div class=\"elementor-element elementor-element-196b0a6 elementor-widget elementor-widget-heading\" data-id=\"196b0a6\" data-element_type=\"widget\" data-e-type=\"widget\" data-widget_type=\"heading.default\">\n\t\t\t\t\t<h1 class=\"elementor-heading-title elementor-size-default\">Soluciones de modelado de informaci\u00f3n para la construcci\u00f3n<\/h1>\t\t\t\t<\/div>\n\t\t\t\t<\/div>\n\t\t\t\t<\/div>\n\t\t<div class=\"elementor-element elementor-element-f29e9e4 e-flex e-con-boxed e-con e-parent\" data-id=\"f29e9e4\" data-element_type=\"container\" data-e-type=\"container\">\n\t\t\t\t\t<div class=\"e-con-inner\">\n\t\t<div class=\"elementor-element elementor-element-8a42ee5 e-con-full e-flex e-con e-child\" data-id=\"8a42ee5\" data-element_type=\"container\" data-e-type=\"container\">\n\t\t\t\t<div class=\"elementor-element elementor-element-4aa7ca6 elementor-widget elementor-widget-heading\" data-id=\"4aa7ca6\" data-element_type=\"widget\" data-e-type=\"widget\" data-widget_type=\"heading.default\">\n\t\t\t\t\t<h2 class=\"elementor-heading-title elementor-size-default\">Soluciones de modelado de informaci\u00f3n para la construcci\u00f3n<\/h2>\t\t\t\t<\/div>\n\t\t\t\t<div class=\"elementor-element elementor-element-eae8b05 elementor-widget elementor-widget-text-editor\" data-id=\"eae8b05\" data-element_type=\"widget\" data-e-type=\"widget\" data-widget_type=\"text-editor.default\">\n\t\t\t\t\t\t\t\t\t<p><span lang=\"EN-US\" style=\"font-size: 13pt; line-height: 107%; font-family: 'Titillium Web'; background-color: white;\">Azura Consultancy adopta el modelado de informaci\u00f3n de construcci\u00f3n (BIM) como una tecnolog\u00eda transformadora en el sector de la arquitectura, la ingenier\u00eda y la construcci\u00f3n (AEC), y en nuestro trabajo de dise\u00f1o aprovechamos todo el potencial de Autodesk Revit y Navisworks, dos de las herramientas BIM m\u00e1s potentes.<\/span><\/p>\t\t\t\t\t\t\t\t<\/div>\n\t\t\t\t<\/div>\n\t\t\t\t\t<\/div>\n\t\t\t\t<\/div>\n\t\t<div class=\"elementor-element elementor-element-add16e1 e-flex e-con-boxed e-con e-parent\" data-id=\"add16e1\" data-element_type=\"container\" data-e-type=\"container\">\n\t\t\t\t\t<div class=\"e-con-inner\">\n\t\t<div class=\"elementor-element elementor-element-ebb0eda e-con-full e-flex e-con e-child\" data-id=\"ebb0eda\" data-element_type=\"container\" data-e-type=\"container\">\n\t\t\t\t<div class=\"elementor-element elementor-element-c224d90 elementor-widget elementor-widget-heading\" data-id=\"c224d90\" data-element_type=\"widget\" data-e-type=\"widget\" data-widget_type=\"heading.default\">\n\t\t\t\t\t<h2 class=\"elementor-heading-title elementor-size-default\">\u00bfQu\u00e9 es el modelado de informaci\u00f3n para la construcci\u00f3n (BIM)?<\/h2>\t\t\t\t<\/div>\n\t\t\t\t<div class=\"elementor-element elementor-element-da9c89e elementor-widget elementor-widget-text-editor\" data-id=\"da9c89e\" data-element_type=\"widget\" data-e-type=\"widget\" data-widget_type=\"text-editor.default\">\n\t\t\t\t\t\t\t\t\t<p>BIM es una tecnolog\u00eda digital que permite a arquitectos, ingenieros y profesionales de la construcci\u00f3n crear, gestionar y compartir modelos 3D detallados de edificios y proyectos de infraestructuras. Los modelos BIM contienen toda la informaci\u00f3n necesaria sobre el edificio, incluidas las especificaciones de dise\u00f1o, los detalles de construcci\u00f3n y las instrucciones de mantenimiento. Gracias al BIM, los equipos de proyecto pueden colaborar de forma m\u00e1s eficaz, agilizar los flujos de trabajo, reducir errores y ahorrar tiempo y dinero.<\/p>\t\t\t\t\t\t\t\t<\/div>\n\t\t\t\t<\/div>\n\t\t\t\t\t<\/div>\n\t\t\t\t<\/div>\n\t\t<div class=\"elementor-element elementor-element-4e29e4e e-flex e-con-boxed e-con e-parent\" data-id=\"4e29e4e\" data-element_type=\"container\" data-e-type=\"container\">\n\t\t\t\t\t<div class=\"e-con-inner\">\n\t\t<div class=\"elementor-element elementor-element-9a3c11b e-con-full e-flex e-con e-child\" data-id=\"9a3c11b\" data-element_type=\"container\" data-e-type=\"container\">\n\t\t\t\t<div class=\"elementor-element elementor-element-6abe1f7 elementor-widget elementor-widget-heading\" data-id=\"6abe1f7\" data-element_type=\"widget\" data-e-type=\"widget\" data-widget_type=\"heading.default\">\n\t\t\t\t\t<h2 class=\"elementor-heading-title elementor-size-default\">Niveles de detalle (LOD)<\/h2>\t\t\t\t<\/div>\n\t\t\t\t<div class=\"elementor-element elementor-element-e2916e2 elementor-widget elementor-widget-text-editor\" data-id=\"e2916e2\" data-element_type=\"widget\" data-e-type=\"widget\" data-widget_type=\"text-editor.default\">\n\t\t\t\t\t\t\t\t\t<p>En Azura Consultancy creamos modelos BIM con diferentes niveles de detalle (LOD), que van desde el LOD300 al LOD500, en funci\u00f3n de los requisitos del proyecto. Los modelos LOD300 se utilizan normalmente para el desarrollo del dise\u00f1o, mientras que los modelos LOD400 y LOD500 se utilizan para la documentaci\u00f3n de la construcci\u00f3n y la gesti\u00f3n de las instalaciones, respectivamente. Nuestros modelos BIM incluyen informaci\u00f3n detallada sobre la estructura del edificio, los sistemas mec\u00e1nicos, el\u00e9ctricos y de fontaner\u00eda (MEP) y otros detalles importantes.<\/p>\t\t\t\t\t\t\t\t<\/div>\n\t\t\t\t<\/div>\n\t\t\t\t\t<\/div>\n\t\t\t\t<\/div>\n\t\t<div class=\"elementor-element elementor-element-9551aba e-flex e-con-boxed e-con e-parent\" data-id=\"9551aba\" data-element_type=\"container\" data-e-type=\"container\">\n\t\t\t\t\t<div class=\"e-con-inner\">\n\t\t<div class=\"elementor-element elementor-element-d8159e8 e-con-full e-flex e-con e-child\" data-id=\"d8159e8\" data-element_type=\"container\" data-e-type=\"container\">\n\t\t\t\t<div class=\"elementor-element elementor-element-2d8578c elementor-widget elementor-widget-heading\" data-id=\"2d8578c\" data-element_type=\"widget\" data-e-type=\"widget\" data-widget_type=\"heading.default\">\n\t\t\t\t\t<h2 class=\"elementor-heading-title elementor-size-default\">Detecci\u00f3n de choques<\/h2>\t\t\t\t<\/div>\n\t\t\t\t<div class=\"elementor-element elementor-element-e6c48c2 elementor-widget elementor-widget-text-editor\" data-id=\"e6c48c2\" data-element_type=\"widget\" data-e-type=\"widget\" data-widget_type=\"text-editor.default\">\n\t\t\t\t\t\t\t\t\t<p>Una de las principales ventajas de BIM es que nos permite detectar colisiones y posibles conflictos entre distintos sistemas de construcci\u00f3n antes de que empiece la obra. Gracias a Navisworks, podemos identificar conflictos entre distintos elementos del edificio, como conductos, tuber\u00edas y sistemas el\u00e9ctricos. Esto nos permite resolver los problemas en una fase temprana, reduciendo la necesidad de costosas repeticiones durante la construcci\u00f3n.<\/p>\t\t\t\t\t\t\t\t<\/div>\n\t\t\t\t<\/div>\n\t\t\t\t\t<\/div>\n\t\t\t\t<\/div>\n\t\t<div class=\"elementor-element elementor-element-594594f e-flex e-con-boxed e-con e-parent\" data-id=\"594594f\" data-element_type=\"container\" data-e-type=\"container\">\n\t\t\t\t\t<div class=\"e-con-inner\">\n\t\t<div class=\"elementor-element elementor-element-dc1c961 e-con-full e-flex e-con e-child\" data-id=\"dc1c961\" data-element_type=\"container\" data-e-type=\"container\">\n\t\t\t\t<div class=\"elementor-element elementor-element-b81bca7 elementor-widget elementor-widget-heading\" data-id=\"b81bca7\" data-element_type=\"widget\" data-e-type=\"widget\" data-widget_type=\"heading.default\">\n\t\t\t\t\t<h2 class=\"elementor-heading-title elementor-size-default\">Integraci\u00f3n con herramientas de gesti\u00f3n de proyectos<\/h2>\t\t\t\t<\/div>\n\t\t\t\t<div class=\"elementor-element elementor-element-b3d4b5a elementor-widget elementor-widget-text-editor\" data-id=\"b3d4b5a\" data-element_type=\"widget\" data-e-type=\"widget\" data-widget_type=\"text-editor.default\">\n\t\t\t\t\t\t\t\t\t<p>Nuestros modelos BIM pueden integrarse con herramientas de gesti\u00f3n de proyectos, programas de construcci\u00f3n y otros par\u00e1metros externos para proporcionar dimensiones y simulaciones adicionales. Por ejemplo, podemos crear simulaciones 4D que muestren el calendario de construcci\u00f3n del edificio, simulaciones 5D que incluyan estimaciones de costes y simulaciones 6D que incluyan informaci\u00f3n sobre el rendimiento energ\u00e9tico del edificio.<\/p>\t\t\t\t\t\t\t\t<\/div>\n\t\t\t\t<\/div>\n\t\t\t\t\t<\/div>\n\t\t\t\t<\/div>\n\t\t<div class=\"elementor-element elementor-element-1e2bf42 e-flex e-con-boxed e-con e-parent\" data-id=\"1e2bf42\" data-element_type=\"container\" data-e-type=\"container\">\n\t\t\t\t\t<div class=\"e-con-inner\">\n\t\t<div class=\"elementor-element elementor-element-73b394b e-con-full e-flex e-con e-child\" data-id=\"73b394b\" data-element_type=\"container\" data-e-type=\"container\">\n\t\t\t\t<div class=\"elementor-element elementor-element-191914e elementor-widget elementor-widget-heading\" data-id=\"191914e\" data-element_type=\"widget\" data-e-type=\"widget\" data-widget_type=\"heading.default\">\n\t\t\t\t\t<h2 class=\"elementor-heading-title elementor-size-default\">Conclusi\u00f3n<\/h2>\t\t\t\t<\/div>\n\t\t\t\t<div class=\"elementor-element elementor-element-7a51002 elementor-widget elementor-widget-text-editor\" data-id=\"7a51002\" data-element_type=\"widget\" data-e-type=\"widget\" data-widget_type=\"text-editor.default\">\n\t\t\t\t\t\t\t\t\t<p>En Azura Consultancy, nos comprometemos a utilizar la \u00faltima tecnolog\u00eda BIM para ofrecer a nuestros clientes soluciones innovadoras, sostenibles y rentables para sus proyectos de construcci\u00f3n. Tanto si necesita un modelo BIM para el desarrollo del dise\u00f1o, la documentaci\u00f3n de la construcci\u00f3n o la gesti\u00f3n de instalaciones, contamos con la experiencia y las herramientas necesarias para ofrecer resultados de alta calidad. P\u00f3ngase en contacto con nosotros hoy mismo para obtener m\u00e1s informaci\u00f3n sobre nuestros servicios BIM.<\/p>\t\t\t\t\t\t\t\t<\/div>\n\t\t\t\t<div class=\"elementor-element elementor-element-57e36e6 elementor-widget elementor-widget-text-editor\" data-id=\"57e36e6\" data-element_type=\"widget\" data-e-type=\"widget\" data-widget_type=\"text-editor.default\">\n\t\t\t\t\t\t\t\t\t<ul><li>Creaci\u00f3n y configuraci\u00f3n de modelos BIM 3D para el dise\u00f1o de proyectos con diferentes niveles de detalle (LOD) seg\u00fan los requisitos del cliente y del proyecto.<\/li><li>Integraci\u00f3n de modelos BIM con herramientas de gesti\u00f3n de proyectos, programas de construcci\u00f3n y otros par\u00e1metros externos para crear dimensiones y simulaciones BIM adicionales, por ejemplo, 4D, 5D y 6D.<\/li><li>Soluciones Digital Twin personalizadas para cada instalaci\u00f3n con integraci\u00f3n de IoT para la visualizaci\u00f3n en tiempo real de las mediciones en el modelo 3D y uso de Inteligencia Artificial (IA) y Machine Learning (ML) para potenciar la eficiencia y realizar simulaciones.<\/li><li>Detecci\u00f3n de colisiones e informes. Evite problemas de construcci\u00f3n, retrasos y repeticiones comprobando todos los componentes y servicios del edificio, incluidos los elementos inform\u00e1ticos, el\u00e9ctricos, mec\u00e1nicos, estructurales y arquitect\u00f3nicos, para producir modelos totalmente coordinados y sin colisiones para los planos de taller de construcci\u00f3n.<\/li><li>Creaci\u00f3n de v\u00eddeos explicativos<\/li><li>Recorridos de realidad virtual para visualizar mejor su proyecto y todos los componentes del edificio y el equipo antes de la construcci\u00f3n para optimizar la configuraci\u00f3n, la disposici\u00f3n y los requisitos de mantenimiento.<\/li><li>Generaci\u00f3n de listados de cantidades (BOQ) y despegue de materiales directamente desde el modelo BIM para una medici\u00f3n precisa con actualizaciones sincronizadas en todas las fases del proyecto.<\/li><li>Cree un modelo BIM 3D as-built de su proyecto e instalaci\u00f3n de acuerdo con su est\u00e1ndar de etiquetado y numeraci\u00f3n de activos, ideal para actividades de explotaci\u00f3n, mantenimiento y gesti\u00f3n de activos.<\/li><\/ul>\t\t\t\t\t\t\t\t<\/div>\n\t\t\t\t<\/div>\n\t\t\t\t\t<\/div>\n\t\t\t\t<\/div>\n\t\t\t\t<\/div>","protected":false},"excerpt":{"rendered":"<p>Building Information Modeling Solutions Building Information Modeling Solutions Azura Consultancy embraces Building Information Modeling (BIM) as a transformative technology in [&hellip;]<\/p>\n","protected":false},"author":4,"featured_media":10894,"parent":0,"menu_order":6,"comment_status":"closed","ping_status":"closed","template":"elementor_header_footer","meta":{"_acf_changed":false,"inline_featured_image":false,"site-sidebar-layout":"default","site-content-layout":"","ast-site-content-layout":"default","site-content-style":"default","site-sidebar-style":"default","ast-global-header-display":"","ast-banner-title-visibility":"","ast-main-header-display":"","ast-hfb-above-header-display":"","ast-hfb-below-header-display":"","ast-hfb-mobile-header-display":"","site-post-title":"","ast-breadcrumbs-content":"","ast-featured-img":"","footer-sml-layout":"","ast-disable-related-posts":"","theme-transparent-header-meta":"","adv-header-id-meta":"","stick-header-meta":"","header-above-stick-meta":"","header-main-stick-meta":"","header-below-stick-meta":"","astra-migrate-meta-layouts":"default","ast-page-background-enabled":"default","ast-page-background-meta":{"desktop":{"background-color":"var(--ast-global-color-4)","background-image":"","background-repeat":"repeat","background-position":"center center","background-size":"auto","background-attachment":"scroll","background-type":"","background-media":"","overlay-type":"","overlay-color":"","overlay-opacity":"","overlay-gradient":""},"tablet":{"background-color":"","background-image":"","background-repeat":"repeat","background-position":"center center","background-size":"auto","background-attachment":"scroll","background-type":"","background-media":"","overlay-type":"","overlay-color":"","overlay-opacity":"","overlay-gradient":""},"mobile":{"background-color":"","background-image":"","background-repeat":"repeat","background-position":"center center","background-size":"auto","background-attachment":"scroll","background-type":"","background-media":"","overlay-type":"","overlay-color":"","overlay-opacity":"","overlay-gradient":""}},"ast-content-background-meta":{"desktop":{"background-color":"var(--ast-global-color-5)","background-image":"","background-repeat":"repeat","background-position":"center center","background-size":"auto","background-attachment":"scroll","background-type":"","background-media":"","overlay-type":"","overlay-color":"","overlay-opacity":"","overlay-gradient":""},"tablet":{"background-color":"var(--ast-global-color-5)","background-image":"","background-repeat":"repeat","background-position":"center center","background-size":"auto","background-attachment":"scroll","background-type":"","background-media":"","overlay-type":"","overlay-color":"","overlay-opacity":"","overlay-gradient":""},"mobile":{"background-color":"var(--ast-global-color-5)","background-image":"","background-repeat":"repeat","background-position":"center center","background-size":"auto","background-attachment":"scroll","background-type":"","background-media":"","overlay-type":"","overlay-color":"","overlay-opacity":"","overlay-gradient":""}},"footnotes":""},"page-category":[116],"class_list":["post-4077","page","type-page","status-publish","has-post-thumbnail","hentry","page-category-service"],"acf":[],"yoast_head":"<!-- This site is optimized with the Yoast SEO plugin v27.5 - https:\/\/yoast.com\/product\/yoast-seo-wordpress\/ -->\n<title>Building Information Modeling<\/title>\n<meta name=\"description\" content=\"Building Information Modeling Digital Twin Expertise For Construction Projects Boosting Efficiency And Performance Delivery\" \/>\n<meta name=\"robots\" content=\"index, follow, max-snippet:-1, max-image-preview:large, max-video-preview:-1\" \/>\n<link rel=\"canonical\" href=\"https:\/\/www.azuraconsultancy.com\/es\/building-information-modeling\/\" \/>\n<meta property=\"og:locale\" content=\"es_ES\" \/>\n<meta property=\"og:type\" content=\"article\" \/>\n<meta property=\"og:title\" content=\"Building Information Modeling\" \/>\n<meta property=\"og:description\" content=\"Building Information Modeling Digital Twin Expertise For Construction Projects Boosting Efficiency And Performance Delivery\" \/>\n<meta property=\"og:url\" content=\"https:\/\/www.azuraconsultancy.com\/es\/building-information-modeling\/\" \/>\n<meta property=\"og:site_name\" content=\"Engineering Consultants\" \/>\n<meta property=\"article:publisher\" content=\"https:\/\/www.facebook.com\/azuraconsultancy\/\" \/>\n<meta property=\"article:modified_time\" content=\"2025-07-07T19:21:45+00:00\" \/>\n<meta property=\"og:image\" content=\"https:\/\/www.azuraconsultancy.com\/wp-content\/uploads\/2025\/06\/building-information-modeling-bim.webp\" \/>\n\t<meta property=\"og:image:width\" content=\"1280\" \/>\n\t<meta property=\"og:image:height\" content=\"720\" \/>\n\t<meta property=\"og:image:type\" content=\"image\/webp\" \/>\n<meta name=\"twitter:card\" content=\"summary_large_image\" \/>\n<meta name=\"twitter:site\" content=\"@AzuraConsult\" \/>\n<script type=\"application\/ld+json\" class=\"yoast-schema-graph\">{\"@context\":\"https:\\\/\\\/schema.org\",\"@graph\":[{\"@type\":\"WebPage\",\"@id\":\"https:\\\/\\\/www.azuraconsultancy.com\\\/building-information-modeling\\\/\",\"url\":\"https:\\\/\\\/www.azuraconsultancy.com\\\/building-information-modeling\\\/\",\"name\":\"Building Information Modeling\",\"isPartOf\":{\"@id\":\"https:\\\/\\\/www.azuraconsultancy.com\\\/#website\"},\"primaryImageOfPage\":{\"@id\":\"https:\\\/\\\/www.azuraconsultancy.com\\\/building-information-modeling\\\/#primaryimage\"},\"image\":{\"@id\":\"https:\\\/\\\/www.azuraconsultancy.com\\\/building-information-modeling\\\/#primaryimage\"},\"thumbnailUrl\":\"https:\\\/\\\/www.azuraconsultancy.com\\\/wp-content\\\/uploads\\\/2025\\\/06\\\/building-information-modeling-bim.webp\",\"datePublished\":\"2021-10-13T08:03:55+00:00\",\"dateModified\":\"2025-07-07T19:21:45+00:00\",\"description\":\"Building Information Modeling Digital Twin Expertise For Construction Projects Boosting Efficiency And Performance Delivery\",\"breadcrumb\":{\"@id\":\"https:\\\/\\\/www.azuraconsultancy.com\\\/building-information-modeling\\\/#breadcrumb\"},\"inLanguage\":\"es\",\"potentialAction\":[{\"@type\":\"ReadAction\",\"target\":[\"https:\\\/\\\/www.azuraconsultancy.com\\\/building-information-modeling\\\/\"]}]},{\"@type\":\"ImageObject\",\"inLanguage\":\"es\",\"@id\":\"https:\\\/\\\/www.azuraconsultancy.com\\\/building-information-modeling\\\/#primaryimage\",\"url\":\"https:\\\/\\\/www.azuraconsultancy.com\\\/wp-content\\\/uploads\\\/2025\\\/06\\\/building-information-modeling-bim.webp\",\"contentUrl\":\"https:\\\/\\\/www.azuraconsultancy.com\\\/wp-content\\\/uploads\\\/2025\\\/06\\\/building-information-modeling-bim.webp\",\"width\":1280,\"height\":720,\"caption\":\"Building Information Modeling BIM\"},{\"@type\":\"BreadcrumbList\",\"@id\":\"https:\\\/\\\/www.azuraconsultancy.com\\\/building-information-modeling\\\/#breadcrumb\",\"itemListElement\":[{\"@type\":\"ListItem\",\"position\":1,\"name\":\"Home\",\"item\":\"https:\\\/\\\/www.azuraconsultancy.com\\\/\"},{\"@type\":\"ListItem\",\"position\":2,\"name\":\"Building Information Modeling\"}]},{\"@type\":\"WebSite\",\"@id\":\"https:\\\/\\\/www.azuraconsultancy.com\\\/#website\",\"url\":\"https:\\\/\\\/www.azuraconsultancy.com\\\/\",\"name\":\"Azura\",\"description\":\"Professional In Every Way\",\"publisher\":{\"@id\":\"https:\\\/\\\/www.azuraconsultancy.com\\\/#organization\"},\"alternateName\":\"Azura Consultancy\",\"potentialAction\":[{\"@type\":\"SearchAction\",\"target\":{\"@type\":\"EntryPoint\",\"urlTemplate\":\"https:\\\/\\\/www.azuraconsultancy.com\\\/?s={search_term_string}\"},\"query-input\":{\"@type\":\"PropertyValueSpecification\",\"valueRequired\":true,\"valueName\":\"search_term_string\"}}],\"inLanguage\":\"es\"},{\"@type\":\"Organization\",\"@id\":\"https:\\\/\\\/www.azuraconsultancy.com\\\/#organization\",\"name\":\"Azura Consultancy\",\"alternateName\":\"Azura\",\"url\":\"https:\\\/\\\/www.azuraconsultancy.com\\\/\",\"logo\":{\"@type\":\"ImageObject\",\"inLanguage\":\"es\",\"@id\":\"https:\\\/\\\/www.azuraconsultancy.com\\\/#\\\/schema\\\/logo\\\/image\\\/\",\"url\":\"https:\\\/\\\/www.azuraconsultancy.com\\\/wp-content\\\/uploads\\\/2024\\\/03\\\/AZURA-2-0-1.jpg\",\"contentUrl\":\"https:\\\/\\\/www.azuraconsultancy.com\\\/wp-content\\\/uploads\\\/2024\\\/03\\\/AZURA-2-0-1.jpg\",\"width\":556,\"height\":698,\"caption\":\"Azura Consultancy\"},\"image\":{\"@id\":\"https:\\\/\\\/www.azuraconsultancy.com\\\/#\\\/schema\\\/logo\\\/image\\\/\"},\"sameAs\":[\"https:\\\/\\\/www.facebook.com\\\/azuraconsultancy\\\/\",\"https:\\\/\\\/x.com\\\/AzuraConsult\",\"https:\\\/\\\/www.linkedin.com\\\/company\\\/azuraconsultancy\"]}]}<\/script>\n<!-- \/ Yoast SEO plugin. -->","yoast_head_json":{"title":"Modelado de informaci\u00f3n para la construcci\u00f3n","description":"Building Information Modeling Digital Twin Expertise For Construction Projects Aumento de la eficacia y el rendimiento de los proyectos de construcci\u00f3n","robots":{"index":"index","follow":"follow","max-snippet":"max-snippet:-1","max-image-preview":"max-image-preview:large","max-video-preview":"max-video-preview:-1"},"canonical":"https:\/\/www.azuraconsultancy.com\/es\/building-information-modeling\/","og_locale":"es_ES","og_type":"article","og_title":"Building Information Modeling","og_description":"Building Information Modeling Digital Twin Expertise For Construction Projects Boosting Efficiency And Performance Delivery","og_url":"https:\/\/www.azuraconsultancy.com\/es\/building-information-modeling\/","og_site_name":"Engineering Consultants","article_publisher":"https:\/\/www.facebook.com\/azuraconsultancy\/","article_modified_time":"2025-07-07T19:21:45+00:00","og_image":[{"width":1280,"height":720,"url":"https:\/\/www.azuraconsultancy.com\/wp-content\/uploads\/2025\/06\/building-information-modeling-bim.webp","type":"image\/webp"}],"twitter_card":"summary_large_image","twitter_site":"@AzuraConsult","schema":{"@context":"https:\/\/schema.org","@graph":[{"@type":"WebPage","@id":"https:\/\/www.azuraconsultancy.com\/building-information-modeling\/","url":"https:\/\/www.azuraconsultancy.com\/building-information-modeling\/","name":"Modelado de informaci\u00f3n para la construcci\u00f3n","isPartOf":{"@id":"https:\/\/www.azuraconsultancy.com\/#website"},"primaryImageOfPage":{"@id":"https:\/\/www.azuraconsultancy.com\/building-information-modeling\/#primaryimage"},"image":{"@id":"https:\/\/www.azuraconsultancy.com\/building-information-modeling\/#primaryimage"},"thumbnailUrl":"https:\/\/www.azuraconsultancy.com\/wp-content\/uploads\/2025\/06\/building-information-modeling-bim.webp","datePublished":"2021-10-13T08:03:55+00:00","dateModified":"2025-07-07T19:21:45+00:00","description":"Building Information Modeling Digital Twin Expertise For Construction Projects Aumento de la eficacia y el rendimiento de los proyectos de construcci\u00f3n","breadcrumb":{"@id":"https:\/\/www.azuraconsultancy.com\/building-information-modeling\/#breadcrumb"},"inLanguage":"es","potentialAction":[{"@type":"ReadAction","target":["https:\/\/www.azuraconsultancy.com\/building-information-modeling\/"]}]},{"@type":"ImageObject","inLanguage":"es","@id":"https:\/\/www.azuraconsultancy.com\/building-information-modeling\/#primaryimage","url":"https:\/\/www.azuraconsultancy.com\/wp-content\/uploads\/2025\/06\/building-information-modeling-bim.webp","contentUrl":"https:\/\/www.azuraconsultancy.com\/wp-content\/uploads\/2025\/06\/building-information-modeling-bim.webp","width":1280,"height":720,"caption":"Building Information Modeling BIM"},{"@type":"BreadcrumbList","@id":"https:\/\/www.azuraconsultancy.com\/building-information-modeling\/#breadcrumb","itemListElement":[{"@type":"ListItem","position":1,"name":"Home","item":"https:\/\/www.azuraconsultancy.com\/"},{"@type":"ListItem","position":2,"name":"Building Information Modeling"}]},{"@type":"WebSite","@id":"https:\/\/www.azuraconsultancy.com\/#website","url":"https:\/\/www.azuraconsultancy.com\/","name":"Azura","description":"Profesional en todos los sentidos","publisher":{"@id":"https:\/\/www.azuraconsultancy.com\/#organization"},"alternateName":"Azura Consultancy","potentialAction":[{"@type":"SearchAction","target":{"@type":"EntryPoint","urlTemplate":"https:\/\/www.azuraconsultancy.com\/?s={search_term_string}"},"query-input":{"@type":"PropertyValueSpecification","valueRequired":true,"valueName":"search_term_string"}}],"inLanguage":"es"},{"@type":"Organization","@id":"https:\/\/www.azuraconsultancy.com\/#organization","name":"Azura Consultor\u00eda","alternateName":"Azura","url":"https:\/\/www.azuraconsultancy.com\/","logo":{"@type":"ImageObject","inLanguage":"es","@id":"https:\/\/www.azuraconsultancy.com\/#\/schema\/logo\/image\/","url":"https:\/\/www.azuraconsultancy.com\/wp-content\/uploads\/2024\/03\/AZURA-2-0-1.jpg","contentUrl":"https:\/\/www.azuraconsultancy.com\/wp-content\/uploads\/2024\/03\/AZURA-2-0-1.jpg","width":556,"height":698,"caption":"Azura Consultancy"},"image":{"@id":"https:\/\/www.azuraconsultancy.com\/#\/schema\/logo\/image\/"},"sameAs":["https:\/\/www.facebook.com\/azuraconsultancy\/","https:\/\/x.com\/AzuraConsult","https:\/\/www.linkedin.com\/company\/azuraconsultancy"]}]}},"_links":{"self":[{"href":"https:\/\/www.azuraconsultancy.com\/es\/wp-json\/wp\/v2\/pages\/4077","targetHints":{"allow":["GET"]}}],"collection":[{"href":"https:\/\/www.azuraconsultancy.com\/es\/wp-json\/wp\/v2\/pages"}],"about":[{"href":"https:\/\/www.azuraconsultancy.com\/es\/wp-json\/wp\/v2\/types\/page"}],"author":[{"embeddable":true,"href":"https:\/\/www.azuraconsultancy.com\/es\/wp-json\/wp\/v2\/users\/4"}],"replies":[{"embeddable":true,"href":"https:\/\/www.azuraconsultancy.com\/es\/wp-json\/wp\/v2\/comments?post=4077"}],"version-history":[{"count":16,"href":"https:\/\/www.azuraconsultancy.com\/es\/wp-json\/wp\/v2\/pages\/4077\/revisions"}],"predecessor-version":[{"id":11074,"href":"https:\/\/www.azuraconsultancy.com\/es\/wp-json\/wp\/v2\/pages\/4077\/revisions\/11074"}],"wp:featuredmedia":[{"embeddable":true,"href":"https:\/\/www.azuraconsultancy.com\/es\/wp-json\/wp\/v2\/media\/10894"}],"wp:attachment":[{"href":"https:\/\/www.azuraconsultancy.com\/es\/wp-json\/wp\/v2\/media?parent=4077"}],"wp:term":[{"taxonomy":"page-category","embeddable":true,"href":"https:\/\/www.azuraconsultancy.com\/es\/wp-json\/wp\/v2\/page-category?post=4077"}],"curies":[{"name":"wp","href":"https:\/\/api.w.org\/{rel}","templated":true}]}}